{"id":71,"date":"2025-07-24T06:31:58","date_gmt":"2025-07-24T06:31:58","guid":{"rendered":"https:\/\/freddyz.fr\/?page_id=71"},"modified":"2025-12-22T10:36:50","modified_gmt":"2025-12-22T10:36:50","slug":"village-sante","status":"publish","type":"page","link":"https:\/\/freddyz.fr\/index.php\/village-sante\/","title":{"rendered":"Village sant\u00e9"},"content":{"rendered":"\n<hr class=\"wp-block-separator has-alpha-channel-opacity\"\/>\n\n\n<div class=\"wp-block-image\">\n<figure class=\"aligncenter size-full is-resized\"><img loading=\"lazy\" decoding=\"async\" width=\"484\" height=\"612\" src=\"https:\/\/freddyz.fr\/wp-content\/uploads\/2025\/07\/VS-transparent.png\" alt=\"\" class=\"wp-image-101\" style=\"width:484px;height:auto\" srcset=\"https:\/\/freddyz.fr\/wp-content\/uploads\/2025\/07\/VS-transparent.png 484w, https:\/\/freddyz.fr\/wp-content\/uploads\/2025\/07\/VS-transparent-237x300.png 237w\" sizes=\"auto, (max-width: 484px) 100vw, 484px\" \/><\/figure>\n<\/div>\n\n<div class=\"wp-block-image\">\n<figure class=\"aligncenter size-full is-resized\"><img loading=\"lazy\" decoding=\"async\" width=\"483\" height=\"238\" src=\"https:\/\/freddyz.fr\/wp-content\/uploads\/2025\/09\/output-onlinepngtools-2.png\" alt=\"\" class=\"wp-image-528\" style=\"width:241px;height:auto\" srcset=\"https:\/\/freddyz.fr\/wp-content\/uploads\/2025\/09\/output-onlinepngtools-2.png 483w, https:\/\/freddyz.fr\/wp-content\/uploads\/2025\/09\/output-onlinepngtools-2-300x148.png 300w\" sizes=\"auto, (max-width: 483px) 100vw, 483px\" \/><\/figure>\n<\/div>\n\n\n<h2 class=\"wp-block-heading has-text-align-center\"><mark style=\"background-color:rgba(0, 0, 0, 0)\" class=\"has-inline-color has-neve-link-hover-color-color\">SAMEDI 4 OCTOBRE 2025<\/mark><\/h2>\n\n\n<div class=\"frm_forms  with_frm_style frm_style_style-formidable\" id=\"frm_form_14_container\" data-token=\"a0561eddee4d011475729ba5d1e7662b\">\n<form enctype=\"multipart\/form-data\" method=\"post\" class=\"frm-show-form \" id=\"form_village-sante2222\" data-token=\"a0561eddee4d011475729ba5d1e7662b\">\n<div class=\"frm_form_fields \">\n<fieldset>\n<legend class=\"frm_screen_reader\">Village Sant\u00e9<\/legend>\r\n\r\n<div class=\"frm_fields_container\">\n<input type=\"hidden\" name=\"frm_action\" value=\"create\" \/>\n<input type=\"hidden\" name=\"form_id\" value=\"14\" \/>\n<input type=\"hidden\" name=\"frm_hide_fields_14\" id=\"frm_hide_fields_14\" value=\"\" \/>\n<input type=\"hidden\" name=\"form_key\" value=\"village-sante2222\" \/>\n<input type=\"hidden\" name=\"item_meta[0]\" value=\"\" \/>\n<input type=\"hidden\" id=\"frm_submit_entry_14\" name=\"frm_submit_entry_14\" value=\"4581e948af\" \/><input type=\"hidden\" name=\"_wp_http_referer\" value=\"\/index.php\/wp-json\/wp\/v2\/pages\/71\" \/><div id=\"frm_field_139_container\" class=\"frm_form_field form-field  frm_required_field frm_top_container frm6 frm_first\">\r\n\t<label for=\"field_xj8i32\" id=\"field_xj8i32_label\" class=\"frm_primary_label\">Nom\r\n\t\t<span class=\"frm_required\" aria-hidden=\"true\">*<\/span>\r\n\t<\/label>\r\n\t<input type=\"text\" id=\"field_xj8i32\" name=\"item_meta[139]\" value=\"\"  data-reqmsg=\"Nom ne peut pas \u00eatre vide.\" aria-required=\"true\" data-invmsg=\"Nom est non valide\" aria-invalid=\"false\"  \/>\r\n\t\r\n\t\r\n<\/div>\n<div id=\"frm_field_140_container\" class=\"frm_form_field form-field  frm_required_field frm_top_container frm6\">\r\n\t<label for=\"field_j8x332\" id=\"field_j8x332_label\" class=\"frm_primary_label\">Pr\u00e9nom\r\n\t\t<span class=\"frm_required\" aria-hidden=\"true\">*<\/span>\r\n\t<\/label>\r\n\t<input type=\"text\" id=\"field_j8x332\" name=\"item_meta[140]\" value=\"\"  data-reqmsg=\"Pr\u00e9nom ne peut pas \u00eatre vide.\" aria-required=\"true\" data-invmsg=\"Pr\u00e9nom est non valide\" aria-invalid=\"false\"  \/>\r\n\t\r\n\t\r\n<\/div>\n<div id=\"frm_field_141_container\" class=\"frm_form_field form-field  frm_required_field frm_top_container frm6 frm_first\">\r\n\t<label for=\"field_kpzp332\" id=\"field_kpzp332_label\" class=\"frm_primary_label\">T\u00e9l\u00e9phone\r\n\t\t<span class=\"frm_required\" aria-hidden=\"true\">*<\/span>\r\n\t<\/label>\r\n\t<input type=\"tel\" id=\"field_kpzp332\" name=\"item_meta[141]\" value=\"\"  data-reqmsg=\"T\u00e9l\u00e9phone ne peut pas \u00eatre vide.\" aria-required=\"true\" data-invmsg=\"T\u00e9l\u00e9phone est non valide\" aria-invalid=\"false\" pattern=\"((\\+\\d{1,3}(-|.| )?\\(?\\d\\)?(-| |.)?\\d{1,5})|(\\(?\\d{2,6}\\)?))(-|.| )?(\\d{3,4})(-|.| )?(\\d{4})(( x| ext)\\d{1,5}){0,1}$\"  \/>\r\n\t\r\n\t\r\n<\/div>\n<div id=\"frm_field_142_container\" class=\"frm_form_field form-field  frm_required_field frm_top_container frm6\">\r\n\t<label for=\"field_yfkg032\" id=\"field_yfkg032_label\" class=\"frm_primary_label\">E-mail\r\n\t\t<span class=\"frm_required\" aria-hidden=\"true\">*<\/span>\r\n\t<\/label>\r\n\t<input type=\"email\" id=\"field_yfkg032\" name=\"item_meta[142]\" value=\"\"  data-reqmsg=\"E-mail ne peut pas \u00eatre vide.\" aria-required=\"true\" data-invmsg=\"E-mail est non valide\" aria-invalid=\"false\"  \/>\r\n\t\r\n\t\r\n<\/div>\n<div id=\"frm_field_143_container\" class=\"frm_form_field form-field  frm_required_field frm_top_container frm12 frm_first\">\r\n\t<label for=\"field_y2rps332\" id=\"field_y2rps332_label\" class=\"frm_primary_label\">Selectionnez votre Club\r\n\t\t<span class=\"frm_required\" aria-hidden=\"true\">*<\/span>\r\n\t<\/label>\r\n\t\t\t<select name=\"item_meta[143]\" id=\"field_y2rps332\"  data-reqmsg=\"Selectionnez votre Club ne peut pas \u00eatre vide.\" aria-required=\"true\" data-invmsg=\"Selectionnez votre Club est non valide\" class=\"auto_width\" aria-invalid=\"false\"  >\n\t\t<option  value=\"Aucun\">Aucun<\/option><option  value=\"ALLAUCH SABLINE DE PROVENCE\">ALLAUCH SABLINE DE PROVENCE<\/option><option  value=\"AUBAGNE GARLABAN\">AUBAGNE GARLABAN<\/option><option  value=\"CARRY SAUSSET COTE BLEUE\">CARRY SAUSSET COTE BLEUE<\/option><option  value=\"CASSIS LES CALANQUES\">CASSIS LES CALANQUES<\/option><option  value=\"LA CIOTAT LUMIERES\">LA CIOTAT LUMIERES<\/option><option  value=\"MARIGNANE ETANG DE BERRE\">MARIGNANE ETANG DE BERRE<\/option><option  value=\"MARSEILLE DOYEN\">MARSEILLE DOYEN<\/option><option  value=\"MARSEILLE FONTAINE D&#039;IVOIRE\">MARSEILLE FONTAINE D&#039;IVOIRE<\/option><option  value=\"MARSEILLE LACYDON\">MARSEILLE LACYDON<\/option><option  value=\"MARSEILLE MAGUELONNE\">MARSEILLE MAGUELONNE<\/option><option  value=\"MARSEILLE MASSILIA\">MARSEILLE MASSILIA<\/option><option  value=\"MARSEILLE METROPOLE\">MARSEILLE METROPOLE<\/option><option  value=\"MARSEILLE PROSPECTIVE\">MARSEILLE PROSPECTIVE<\/option><option  value=\"MARSEILLE RESONANCE\">MARSEILLE RESONANCE<\/option><option  value=\"MARSEILLE SAINT JEAN\">MARSEILLE SAINT JEAN<\/option><option  value=\"MARTIGUES GOLFE DE FOS\">MARTIGUES GOLFE DE FOS<\/option><option  value=\"PLAN DE CUQUES ETOILE\">PLAN DE CUQUES ETOILE<\/option>\t<\/select>\n\t\r\n\t\r\n\t\r\n<\/div>\n<div id=\"frm_field_148_container\" class=\"frm_form_field form-field  frm_required_field frm_top_container vertical_radio\">\r\n\t<div  id=\"field_dhbtj_label\" class=\"frm_primary_label\">Samedi 4 octobre 2025\r\n\t\t<span class=\"frm_required\" aria-hidden=\"true\">*<\/span>\r\n\t<\/div>\r\n\t<div class=\"frm_opt_container\" aria-labelledby=\"field_dhbtj_label\" role=\"group\">\t\t<div class=\"frm_checkbox\" id=\"frm_checkbox_148-2\">\t\t\t<label  for=\"field_dhbtj-2\">\n\t\t\t<input type=\"checkbox\" name=\"item_meta[148][]\" id=\"field_dhbtj-2\" value=\"09:00 - 12:00\"  data-reqmsg=\"Samedi 4 octobre 2025 ne peut pas \u00eatre vide.\" data-invmsg=\"Samedi 4 octobre 2025 est non valide\"   aria-required=\"true\"  \/> 09:00 &#8211; 12:00<\/label><\/div>\n<\/div>\r\n\t\r\n\t\r\n<\/div>\n<div id=\"frm_field_149_container\" class=\"frm_form_field form-field  frm_required_field frm_top_container vertical_radio\">\r\n\t<div  id=\"field_cxgyx_label\" class=\"frm_primary_label\">Samedi 4 octobre 2025\r\n\t\t<span class=\"frm_required\" aria-hidden=\"true\">*<\/span>\r\n\t<\/div>\r\n\t<div class=\"frm_opt_container\" aria-labelledby=\"field_cxgyx_label\" role=\"group\">\t\t<div class=\"frm_checkbox\" id=\"frm_checkbox_149-3\">\t\t\t<label  for=\"field_cxgyx-3\">\n\t\t\t<input type=\"checkbox\" name=\"item_meta[149][]\" id=\"field_cxgyx-3\" value=\"12:00 - 15:00\"  data-reqmsg=\"Samedi 4 octobre 2025 ne peut pas \u00eatre vide.\" data-invmsg=\"Samedi 4 octobre 2025 est non valide\"   aria-required=\"true\"  \/> 12:00 &#8211; 15:00<\/label><\/div>\n<\/div>\r\n\t\r\n\t\r\n<\/div>\n<div id=\"frm_field_150_container\" class=\"frm_form_field form-field  frm_required_field frm_top_container vertical_radio\">\r\n\t<div  id=\"field_1ip3g_label\" class=\"frm_primary_label\">Samedi 4 octobre 2025\r\n\t\t<span class=\"frm_required\" aria-hidden=\"true\">*<\/span>\r\n\t<\/div>\r\n\t<div class=\"frm_opt_container\" aria-labelledby=\"field_1ip3g_label\" role=\"group\">\t\t<div class=\"frm_checkbox\" id=\"frm_checkbox_150-0\">\t\t\t<label  for=\"field_1ip3g-0\">\n\t\t\t<input type=\"checkbox\" name=\"item_meta[150][]\" id=\"field_1ip3g-0\" value=\"15:00 - 17:30\"  data-reqmsg=\"Samedi 4 octobre 2025 ne peut pas \u00eatre vide.\" data-invmsg=\"Samedi 4 octobre 2025 est non valide\"   aria-required=\"true\"  \/> 15:00 &#8211; 17:30<\/label><\/div>\n<\/div>\r\n\t\r\n\t\r\n<\/div>\n<div id=\"frm_field_145_container\" class=\"frm_form_field form-field \">\r\n\t<div class=\"frm_submit frm_flex\">\r\n<button class=\"frm_button_submit\" type=\"submit\"  >Envoyer<\/button>\r\n\r\n\r\n\r\n<\/div>\r\n<\/div>\n\t<input type=\"hidden\" name=\"item_key\" value=\"\" \/>\n\t\t\t<div id=\"frm_field_151_container\">\n\t\t\t<label for=\"field_m6ybk\" >\n\t\t\t\tSi vous \u00eates un humain, ne remplissez pas ce champ.\t\t\t<\/label>\n\t\t\t<input  id=\"field_m6ybk\" type=\"text\" class=\"frm_form_field form-field frm_verify\" name=\"item_meta[151]\" value=\"\"  \/>\n\t\t<\/div>\n\t\t<input name=\"frm_state\" type=\"hidden\" value=\"FX+mYn6XpPISU4yXKVALNke\/EafOKKdnXvf7PvU57lU=\" \/><\/div>\n<\/fieldset>\n<\/div>\n\n<\/form>\n<\/div>\n","protected":false},"excerpt":{"rendered":"<p>SAMEDI 4 OCTOBRE 2025<\/p>\n","protected":false},"author":1,"featured_media":0,"parent":0,"menu_order":0,"comment_status":"closed","ping_status":"closed","template":"","meta":{"neve_meta_sidebar":"","neve_meta_container":"","neve_meta_enable_content_width":"","neve_meta_content_width":0,"neve_meta_title_alignment":"","neve_meta_author_avatar":"","neve_post_elements_order":"","neve_meta_disable_header":"","neve_meta_disable_footer":"","neve_meta_disable_title":"","footnotes":""},"class_list":["post-71","page","type-page","status-publish","hentry"],"_links":{"self":[{"href":"https:\/\/freddyz.fr\/index.php\/wp-json\/wp\/v2\/pages\/71","targetHints":{"allow":["GET"]}}],"collection":[{"href":"https:\/\/freddyz.fr\/index.php\/wp-json\/wp\/v2\/pages"}],"about":[{"href":"https:\/\/freddyz.fr\/index.php\/wp-json\/wp\/v2\/types\/page"}],"author":[{"embeddable":true,"href":"https:\/\/freddyz.fr\/index.php\/wp-json\/wp\/v2\/users\/1"}],"replies":[{"embeddable":true,"href":"https:\/\/freddyz.fr\/index.php\/wp-json\/wp\/v2\/comments?post=71"}],"version-history":[{"count":10,"href":"https:\/\/freddyz.fr\/index.php\/wp-json\/wp\/v2\/pages\/71\/revisions"}],"predecessor-version":[{"id":1285,"href":"https:\/\/freddyz.fr\/index.php\/wp-json\/wp\/v2\/pages\/71\/revisions\/1285"}],"wp:attachment":[{"href":"https:\/\/freddyz.fr\/index.php\/wp-json\/wp\/v2\/media?parent=71"}],"curies":[{"name":"wp","href":"https:\/\/api.w.org\/{rel}","templated":true}]}}