{"id":84,"date":"2025-07-24T17:31:40","date_gmt":"2025-07-24T17:31:40","guid":{"rendered":"https:\/\/freddyz.fr\/?page_id=84"},"modified":"2026-04-13T10:13:03","modified_gmt":"2026-04-13T10:13:03","slug":"dctlm13","status":"publish","type":"page","link":"https:\/\/freddyz.fr\/index.php\/dctlm13\/","title":{"rendered":"DCTLM13"},"content":{"rendered":"\n<hr class=\"wp-block-separator has-alpha-channel-opacity\"\/>\n\n\n<div class=\"wp-block-image\">\n<figure class=\"aligncenter size-full is-resized\"><img loading=\"lazy\" decoding=\"async\" width=\"1024\" height=\"759\" src=\"https:\/\/freddyz.fr\/wp-content\/uploads\/2025\/07\/DCTLM13-2.png\" alt=\"\" class=\"wp-image-131\" style=\"width:811px;height:auto\" srcset=\"https:\/\/freddyz.fr\/wp-content\/uploads\/2025\/07\/DCTLM13-2.png 1024w, https:\/\/freddyz.fr\/wp-content\/uploads\/2025\/07\/DCTLM13-2-300x222.png 300w, https:\/\/freddyz.fr\/wp-content\/uploads\/2025\/07\/DCTLM13-2-768x569.png 768w\" sizes=\"auto, (max-width: 1024px) 100vw, 1024px\" \/><\/figure>\n<\/div>\n\n\n<p><\/p>\n\n\n\n<h2 class=\"wp-block-heading has-text-align-center\"><mark style=\"background-color:rgba(0, 0, 0, 0)\" class=\"has-inline-color has-neve-link-hover-color-color\">Semaine du 15 au 19 mars 2027<\/mark><\/h2>\n\n\n\n<p><\/p>\n\n\n\n<h2 class=\"wp-block-heading has-text-align-center\"><mark style=\"background-color:rgba(0, 0, 0, 0)\" class=\"has-inline-color has-neve-link-color-color\">Livre P\u00e9dagogique 2026 -2027<\/mark><\/h2>\n\n\n<div class=\"wp-block-image\">\n<figure class=\"aligncenter size-full is-resized\"><a href=\"https:\/\/freddyz.fr\/wp-content\/uploads\/2026\/04\/pdf24_converted.pdf\" target=\"_blank\" rel=\" noreferrer noopener\"><img loading=\"lazy\" decoding=\"async\" width=\"553\" height=\"343\" src=\"https:\/\/freddyz.fr\/wp-content\/uploads\/2025\/09\/output-onlinepngtools.png\" alt=\"\" class=\"wp-image-496\" style=\"width:293px;height:auto\" srcset=\"https:\/\/freddyz.fr\/wp-content\/uploads\/2025\/09\/output-onlinepngtools.png 553w, https:\/\/freddyz.fr\/wp-content\/uploads\/2025\/09\/output-onlinepngtools-300x186.png 300w\" sizes=\"auto, (max-width: 553px) 100vw, 553px\" \/><\/a><\/figure>\n<\/div>\n\n\n<div class=\"wp-block-group\"><div class=\"wp-block-group__inner-container is-layout-constrained wp-block-group-is-layout-constrained\"><div class=\"frm_forms  with_frm_style frm_style_style-formidable\" id=\"frm_form_13_container\" data-token=\"a0561eddee4d011475729ba5d1e7662b\">\n<form enctype=\"multipart\/form-data\" method=\"post\" class=\"frm-show-form \" id=\"form_dctlm\" data-token=\"a0561eddee4d011475729ba5d1e7662b\">\n<div class=\"frm_form_fields \">\n<fieldset>\n<legend class=\"frm_screen_reader\">DCTLM13<\/legend>\r\n\r\n<div class=\"frm_fields_container\">\n<input type=\"hidden\" name=\"frm_action\" value=\"create\" \/>\n<input type=\"hidden\" name=\"form_id\" value=\"13\" \/>\n<input type=\"hidden\" name=\"frm_hide_fields_13\" id=\"frm_hide_fields_13\" value=\"\" \/>\n<input type=\"hidden\" name=\"form_key\" value=\"dctlm\" \/>\n<input type=\"hidden\" name=\"item_meta[0]\" value=\"\" \/>\n<input type=\"hidden\" id=\"frm_submit_entry_13\" name=\"frm_submit_entry_13\" value=\"4581e948af\" \/><input type=\"hidden\" name=\"_wp_http_referer\" value=\"\/index.php\/wp-json\/wp\/v2\/pages\/84\" \/><div id=\"frm_field_125_container\" class=\"frm_form_field form-field  frm_required_field frm_top_container frm6 frm_first\">\r\n\t<label for=\"field_xj8i5\" id=\"field_xj8i5_label\" class=\"frm_primary_label\">Nom\r\n\t\t<span class=\"frm_required\" aria-hidden=\"true\">*<\/span>\r\n\t<\/label>\r\n\t<input type=\"text\" id=\"field_xj8i5\" name=\"item_meta[125]\" value=\"\"  data-reqmsg=\"Nom ne peut pas \u00eatre vide.\" aria-required=\"true\" data-invmsg=\"Nom est non valide\" aria-invalid=\"false\"  \/>\r\n\t\r\n\t\r\n<\/div>\n<div id=\"frm_field_126_container\" class=\"frm_form_field form-field  frm_required_field frm_top_container frm6\">\r\n\t<label for=\"field_j8x35\" id=\"field_j8x35_label\" class=\"frm_primary_label\">Pr\u00e9nom\r\n\t\t<span class=\"frm_required\" aria-hidden=\"true\">*<\/span>\r\n\t<\/label>\r\n\t<input type=\"text\" id=\"field_j8x35\" name=\"item_meta[126]\" value=\"\"  data-reqmsg=\"Pr\u00e9nom ne peut pas \u00eatre vide.\" aria-required=\"true\" data-invmsg=\"Pr\u00e9nom est non valide\" aria-invalid=\"false\"  \/>\r\n\t\r\n\t\r\n<\/div>\n<div id=\"frm_field_127_container\" class=\"frm_form_field form-field  frm_required_field frm_top_container frm6 frm_first\">\r\n\t<label for=\"field_kpzp35\" id=\"field_kpzp35_label\" class=\"frm_primary_label\">T\u00e9l\u00e9phone\r\n\t\t<span class=\"frm_required\" aria-hidden=\"true\">*<\/span>\r\n\t<\/label>\r\n\t<input type=\"tel\" id=\"field_kpzp35\" name=\"item_meta[127]\" value=\"\"  data-reqmsg=\"T\u00e9l\u00e9phone ne peut pas \u00eatre vide.\" aria-required=\"true\" data-invmsg=\"T\u00e9l\u00e9phone est non valide\" aria-invalid=\"false\" pattern=\"((\\+\\d{1,3}(-|.| )?\\(?\\d\\)?(-| |.)?\\d{1,5})|(\\(?\\d{2,6}\\)?))(-|.| )?(\\d{3,4})(-|.| )?(\\d{4})(( x| ext)\\d{1,5}){0,1}$\"  \/>\r\n\t\r\n\t\r\n<\/div>\n<div id=\"frm_field_128_container\" class=\"frm_form_field form-field  frm_required_field frm_top_container frm6\">\r\n\t<label for=\"field_yfkg05\" id=\"field_yfkg05_label\" class=\"frm_primary_label\">E-mail\r\n\t\t<span class=\"frm_required\" aria-hidden=\"true\">*<\/span>\r\n\t<\/label>\r\n\t<input type=\"email\" id=\"field_yfkg05\" name=\"item_meta[128]\" value=\"\"  data-reqmsg=\"E-mail ne peut pas \u00eatre vide.\" aria-required=\"true\" data-invmsg=\"E-mail est non valide\" aria-invalid=\"false\"  \/>\r\n\t\r\n\t\r\n<\/div>\n<div id=\"frm_field_129_container\" class=\"frm_form_field form-field  frm_required_field frm_top_container frm12 frm_first\">\r\n\t<label for=\"field_y2rps35\" id=\"field_y2rps35_label\" class=\"frm_primary_label\">Selectionnez votre Club\r\n\t\t<span class=\"frm_required\" aria-hidden=\"true\">*<\/span>\r\n\t<\/label>\r\n\t\t\t<select name=\"item_meta[129]\" id=\"field_y2rps35\"  data-reqmsg=\"Selectionnez votre Club ne peut pas \u00eatre vide.\" aria-required=\"true\" data-invmsg=\"Selectionnez votre Club est non valide\" class=\"auto_width\" aria-invalid=\"false\"  >\n\t\t<option  value=\"Aucun\">Aucun<\/option><option  value=\"AIX CEZANNE DOYEN\">AIX CEZANNE DOYEN<\/option><option  value=\"AIX PASSION CULTURE\">AIX PASSION CULTURE<\/option><option  value=\"ALES DOYEN\">ALES DOYEN<\/option><option  value=\"ALES FEMINA\">ALES FEMINA<\/option><option  value=\"ALES PASSIONS\">ALES PASSIONS<\/option><option  value=\"ALES PASSIONS (Leo)\">ALES PASSIONS (Leo)<\/option><option  value=\"ALES VALLEES DES GARDONS\">ALES VALLEES DES GARDONS<\/option><option  value=\"ALLAUCH SABLINE DE PROVENCE\">ALLAUCH SABLINE DE PROVENCE<\/option><option  value=\"APT EN LUBERON\">APT EN LUBERON<\/option><option  value=\"ARLES CAMARGUE\">ARLES CAMARGUE<\/option><option  value=\"AUBAGNE GARLABAN\">AUBAGNE GARLABAN<\/option><option  value=\"AVIGNON CITE DES PAPES\">AVIGNON CITE DES PAPES<\/option><option  value=\"AVIGNON DOYEN\">AVIGNON DOYEN<\/option><option  value=\"AVIGNON GRAND EST\">AVIGNON GRAND EST<\/option><option  value=\"BAGNOLS VAL DE CEZE\">BAGNOLS VAL DE CEZE<\/option><option  value=\"BOLLENE TRICASTIN\">BOLLENE TRICASTIN<\/option><option  value=\"BRIANCONNAIS\">BRIANCONNAIS<\/option><option  value=\"CARPENTRAS\">CARPENTRAS<\/option><option  value=\"CARPENTRAS COMTAT VENAISSIN\">CARPENTRAS COMTAT VENAISSIN<\/option><option  value=\"CARRY SAUSSET COTE BLEUE\">CARRY SAUSSET COTE BLEUE<\/option><option  value=\"CASSIS LES CALANQUES\">CASSIS LES CALANQUES<\/option><option  value=\"CAVAILLON\">CAVAILLON<\/option><option  value=\"CHATEAURENARD EN PROVENCE\">CHATEAURENARD EN PROVENCE<\/option><option  value=\"COURTHEZON - PRINCIPAUTE\">COURTHEZON &#8211; PRINCIPAUTE<\/option><option  value=\"DIGNE LES BAINS\">DIGNE LES BAINS<\/option><option  value=\"EMBRUN VAL DURANCE\">EMBRUN VAL DURANCE<\/option><option  value=\"GAP TALLARD DURANCE\">GAP TALLARD DURANCE<\/option><option  value=\"GARDANNE EN PAYS D&#039;AIX\">GARDANNE EN PAYS D&#039;AIX<\/option><option  value=\"GARDANNE EN PROVENCE\">GARDANNE EN PROVENCE<\/option><option  value=\"HAUTES CEVENNES\">HAUTES CEVENNES<\/option><option  value=\"ISLE SUR SORGUE VERTES EAUX\">ISLE SUR SORGUE VERTES EAUX<\/option><option  value=\"ISTRES\">ISTRES<\/option><option  value=\"LA CIOTAT LUMIERES\">LA CIOTAT LUMIERES<\/option><option  value=\"LA ROQUE LUBERON DURANCE\">LA ROQUE LUBERON DURANCE<\/option><option  value=\"LE VIGAN GANGES\">LE VIGAN GANGES<\/option><option  value=\"LA ROQUE LUBERON DURANCE\">LA ROQUE LUBERON DURANCE<\/option><option  value=\"LE VIGAN GANGES\">LE VIGAN GANGES<\/option><option  value=\"LES BAUX DE PROVENCE\">LES BAUX DE PROVENCE<\/option><option  value=\"MANOSQUE\">MANOSQUE<\/option><option  value=\"MARIGNANE ETANG DE BERRE\">MARIGNANE ETANG DE BERRE<\/option><option  value=\"MARIGNANNE ETANG DE BERRE\">MARIGNANNE ETANG DE BERRE<\/option><option  value=\"MARSEILLE DOYEN\">MARSEILLE DOYEN<\/option><option  value=\"MARSEILLE FONTAINE D&#039;IVOIRE\">MARSEILLE FONTAINE D&#039;IVOIRE<\/option><option  value=\"MARSEILLE LACYDON\">MARSEILLE LACYDON<\/option><option  value=\"MARSEILLE MAGUELONNE\">MARSEILLE MAGUELONNE<\/option><option  value=\"MARSEILLE MASSILIA\">MARSEILLE MASSILIA<\/option><option  value=\"MARSEILLE METROPOLE\">MARSEILLE METROPOLE<\/option><option  value=\"MARSEILLE PROSPECTIVE\">MARSEILLE PROSPECTIVE<\/option><option  value=\"MARSEILLE RESONANCE\">MARSEILLE RESONANCE<\/option><option  value=\"MARSEILLE SAINT JEAN\">MARSEILLE SAINT JEAN<\/option><option  value=\"MARTIGUES GOLFE DE FOS\">MARTIGUES GOLFE DE FOS<\/option><option  value=\"NIMES ALPHONSE DAUDET\">NIMES ALPHONSE DAUDET<\/option><option  value=\"NIMES DOYEN\">NIMES DOYEN<\/option><option  value=\"NIMES MAISON CARREE\">NIMES MAISON CARREE<\/option><option  value=\"NYONS DROME PROVENCALE\">NYONS DROME PROVENCALE<\/option><option  value=\"ORANGE\">ORANGE<\/option><option  value=\"PARADOU LES ALPILLES\">PARADOU LES ALPILLES<\/option><option  value=\"PAYS DE LA SAINTE BAUME\">PAYS DE LA SAINTE BAUME<\/option><option  value=\"PLAN DE CUQUES ETOILE\">PLAN DE CUQUES ETOILE<\/option><option  value=\"PONTS D&#039;AVIGNON - VILLENEUVE - LES ANGLES\">PONTS D&#039;AVIGNON &#8211; VILLENEUVE &#8211; LES ANGLES<\/option><option  value=\"SAINT GILLES LITTORAL\">SAINT GILLES LITTORAL<\/option><option  value=\"SAINT HILAIRE DE BRETHMAS PORTES DES LUMIERES\">SAINT HILAIRE DE BRETHMAS PORTES DES LUMIERES<\/option><option  value=\"SAINT MARTIN DE CRAU\">SAINT MARTIN DE CRAU<\/option><option  value=\"SAINT REMY LES ALPILLES\">SAINT REMY LES ALPILLES<\/option><option  value=\"SALON DE PROVENCE\">SALON DE PROVENCE<\/option><option  value=\"SOMMIERES VIDOURLE VAUNAGE\">SOMMIERES VIDOURLE VAUNAGE<\/option><option  value=\"SORGUES OUVEZE\">SORGUES OUVEZE<\/option><option  value=\"UZES 1er DUCHE DE FRANCE\">UZES 1er DUCHE DE FRANCE<\/option><option  value=\"VAISON-VENTOUX\">VAISON-VENTOUX<\/option><option  value=\"VALREAS ENCLAVE DES PAPES ET PAYS DE GRIGNAN\">VALREAS ENCLAVE DES PAPES ET PAYS DE GRIGNAN<\/option>\t<\/select>\n\t\r\n\t\r\n\t\r\n<\/div>\n<div id=\"frm_field_130_container\" class=\"frm_form_field form-field  frm_top_container vertical_radio\">\r\n\t<div  id=\"field_fkbo533_label\" class=\"frm_primary_label\">Lundi 15 mars 2027\r\n\t\t<span class=\"frm_required\" aria-hidden=\"true\"><\/span>\r\n\t<\/div>\r\n\t<div class=\"frm_opt_container\" aria-labelledby=\"field_fkbo533_label\" role=\"group\">\t\t<div class=\"frm_checkbox\" id=\"frm_checkbox_130-0\">\t\t\t<label  for=\"field_fkbo533-0\">\n\t\t\t<input type=\"checkbox\" name=\"item_meta[130][]\" id=\"field_fkbo533-0\" value=\"08:30 - 12:00\"  data-invmsg=\"Lundi 15 mars 2027 est non valide\"   \/> 08:30 &#8211; 12:00<\/label><\/div>\n<\/div>\r\n\t\r\n\t\r\n<\/div>\n<div id=\"frm_field_131_container\" class=\"frm_form_field form-field  frm_top_container vertical_radio\">\r\n\t<div  id=\"field_8pb153_label\" class=\"frm_primary_label\">Lundi 15 mars 2027\r\n\t\t<span class=\"frm_required\" aria-hidden=\"true\"><\/span>\r\n\t<\/div>\r\n\t<div class=\"frm_opt_container\" aria-labelledby=\"field_8pb153_label\" role=\"group\">\t\t<div class=\"frm_checkbox\" id=\"frm_checkbox_131-1\">\t\t\t<label  for=\"field_8pb153-1\">\n\t\t\t<input type=\"checkbox\" name=\"item_meta[131][]\" id=\"field_8pb153-1\" value=\"13:30 - 17:00\"  data-invmsg=\"Lundi 15 mars 2027 est non valide\"   \/> 13:30 &#8211; 17:00<\/label><\/div>\n<\/div>\r\n\t\r\n\t\r\n<\/div>\n<div id=\"frm_field_132_container\" class=\"frm_form_field form-field  frm_top_container frm12 frm_first vertical_radio\">\r\n\t<div  id=\"field_v293o3_label\" class=\"frm_primary_label\">Mardi 16 mars 2027\r\n\t\t<span class=\"frm_required\" aria-hidden=\"true\"><\/span>\r\n\t<\/div>\r\n\t<div class=\"frm_opt_container\" aria-labelledby=\"field_v293o3_label\" role=\"group\">\t\t<div class=\"frm_checkbox\" id=\"frm_checkbox_132-0\">\t\t\t<label  for=\"field_v293o3-0\">\n\t\t\t<input type=\"checkbox\" name=\"item_meta[132][]\" id=\"field_v293o3-0\" value=\"08:30 - 12:00\"  data-invmsg=\"Mardi 16 mars 2027 est non valide\"   \/> 08:30 &#8211; 12:00<\/label><\/div>\n<\/div>\r\n\t\r\n\t\r\n<\/div>\n<div id=\"frm_field_133_container\" class=\"frm_form_field form-field  frm_top_container frm12 frm_first vertical_radio\">\r\n\t<div  id=\"field_7zqq73_label\" class=\"frm_primary_label\">Mardi 16 mars 2027\r\n\t\t<span class=\"frm_required\" aria-hidden=\"true\"><\/span>\r\n\t<\/div>\r\n\t<div class=\"frm_opt_container\" aria-labelledby=\"field_7zqq73_label\" role=\"group\">\t\t<div class=\"frm_checkbox\" id=\"frm_checkbox_133-1\">\t\t\t<label  for=\"field_7zqq73-1\">\n\t\t\t<input type=\"checkbox\" name=\"item_meta[133][]\" id=\"field_7zqq73-1\" value=\"13:30 - 17:00\"  data-invmsg=\"Mardi 16 mars 2027 est non valide\"   \/> 13:30 &#8211; 17:00<\/label><\/div>\n<\/div>\r\n\t\r\n\t\r\n<\/div>\n<div id=\"frm_field_134_container\" class=\"frm_form_field form-field  frm_top_container vertical_radio\">\r\n\t<div  id=\"field_9whj3_label\" class=\"frm_primary_label\">Jeudi 18 mars 2027\r\n\t\t<span class=\"frm_required\" aria-hidden=\"true\"><\/span>\r\n\t<\/div>\r\n\t<div class=\"frm_opt_container\" aria-labelledby=\"field_9whj3_label\" role=\"group\">\t\t<div class=\"frm_checkbox\" id=\"frm_checkbox_134-0\">\t\t\t<label  for=\"field_9whj3-0\">\n\t\t\t<input type=\"checkbox\" name=\"item_meta[134][]\" id=\"field_9whj3-0\" value=\"08:30 - 12:00\"  data-invmsg=\"Jeudi 18 mars 2027 est non valide\"   \/> 08:30 &#8211; 12:00<\/label><\/div>\n<\/div>\r\n\t\r\n\t\r\n<\/div>\n<div id=\"frm_field_135_container\" class=\"frm_form_field form-field  frm_top_container vertical_radio\">\r\n\t<div  id=\"field_2nbe43_label\" class=\"frm_primary_label\">Jeudi 18 mars 2027\r\n\t\t<span class=\"frm_required\" aria-hidden=\"true\"><\/span>\r\n\t<\/div>\r\n\t<div class=\"frm_opt_container\" aria-labelledby=\"field_2nbe43_label\" role=\"group\">\t\t<div class=\"frm_checkbox\" id=\"frm_checkbox_135-1\">\t\t\t<label  for=\"field_2nbe43-1\">\n\t\t\t<input type=\"checkbox\" name=\"item_meta[135][]\" id=\"field_2nbe43-1\" value=\"13:30 - 17:00\"  data-invmsg=\"Jeudi 18 mars 2027 est non valide\"   \/> 13:30 &#8211; 17:00<\/label><\/div>\n<\/div>\r\n\t\r\n\t\r\n<\/div>\n<div id=\"frm_field_136_container\" class=\"frm_form_field form-field  frm_top_container vertical_radio\">\r\n\t<div  id=\"field_q95665_label\" class=\"frm_primary_label\">Vendredi 19 mars 2027\r\n\t\t<span class=\"frm_required\" aria-hidden=\"true\"><\/span>\r\n\t<\/div>\r\n\t<div class=\"frm_opt_container\" aria-labelledby=\"field_q95665_label\" role=\"group\">\t\t<div class=\"frm_checkbox\" id=\"frm_checkbox_136-0\">\t\t\t<label  for=\"field_q95665-0\">\n\t\t\t<input type=\"checkbox\" name=\"item_meta[136][]\" id=\"field_q95665-0\" value=\"08:30 - 12:00\"  data-invmsg=\"Vendredi 19 mars 2027 est non valide\"   \/> 08:30 &#8211; 12:00<\/label><\/div>\n<\/div>\r\n\t\r\n\t\r\n<\/div>\n<div id=\"frm_field_137_container\" class=\"frm_form_field form-field  frm_top_container vertical_radio\">\r\n\t<div  id=\"field_tuv53_label\" class=\"frm_primary_label\">Vendredi 19 mars 2027\r\n\t\t<span class=\"frm_required\" aria-hidden=\"true\"><\/span>\r\n\t<\/div>\r\n\t<div class=\"frm_opt_container\" aria-labelledby=\"field_tuv53_label\" role=\"group\">\t\t<div class=\"frm_checkbox\" id=\"frm_checkbox_137-1\">\t\t\t<label  for=\"field_tuv53-1\">\n\t\t\t<input type=\"checkbox\" name=\"item_meta[137][]\" id=\"field_tuv53-1\" value=\"13:30 - 17:00\"  data-invmsg=\"Vendredi 19 mars 2027 est non valide\"   \/> 13:30 &#8211; 17:00<\/label><\/div>\n<\/div>\r\n\t\r\n\t\r\n<\/div>\n<div id=\"frm_field_138_container\" class=\"frm_form_field form-field \">\r\n\t<div class=\"frm_submit frm_flex\">\r\n<button class=\"frm_button_submit\" type=\"submit\"  >Envoyer<\/button>\r\n\r\n\r\n\r\n<\/div>\r\n<\/div>\n\t<input type=\"hidden\" name=\"item_key\" value=\"\" \/>\n\t\t\t<div id=\"frm_field_151_container\">\n\t\t\t<label for=\"field_dqljp\" >\n\t\t\t\tSi vous \u00eates un humain, ne remplissez pas ce champ.\t\t\t<\/label>\n\t\t\t<input  id=\"field_dqljp\" type=\"text\" class=\"frm_form_field form-field frm_verify\" name=\"item_meta[151]\" value=\"\"  \/>\n\t\t<\/div>\n\t\t<input name=\"frm_state\" type=\"hidden\" value=\"FX+mYn6XpPISU4yXKVALNke\/EafOKKdnXvf7PvU57lU=\" \/><\/div>\n<\/fieldset>\n<\/div>\n\n<\/form>\n<\/div>\n<\/div><\/div>\n","protected":false},"excerpt":{"rendered":"<p>Semaine du 15 au 19 mars 2027 Livre P\u00e9dagogique 2026 -2027<\/p>\n","protected":false},"author":1,"featured_media":0,"parent":0,"menu_order":0,"comment_status":"closed","ping_status":"closed","template":"","meta":{"neve_meta_sidebar":"","neve_meta_container":"","neve_meta_enable_content_width":"","neve_meta_content_width":0,"neve_meta_title_alignment":"","neve_meta_author_avatar":"","neve_post_elements_order":"","neve_meta_disable_header":"","neve_meta_disable_footer":"","neve_meta_disable_title":"","footnotes":""},"class_list":["post-84","page","type-page","status-publish","hentry"],"_links":{"self":[{"href":"https:\/\/freddyz.fr\/index.php\/wp-json\/wp\/v2\/pages\/84","targetHints":{"allow":["GET"]}}],"collection":[{"href":"https:\/\/freddyz.fr\/index.php\/wp-json\/wp\/v2\/pages"}],"about":[{"href":"https:\/\/freddyz.fr\/index.php\/wp-json\/wp\/v2\/types\/page"}],"author":[{"embeddable":true,"href":"https:\/\/freddyz.fr\/index.php\/wp-json\/wp\/v2\/users\/1"}],"replies":[{"embeddable":true,"href":"https:\/\/freddyz.fr\/index.php\/wp-json\/wp\/v2\/comments?post=84"}],"version-history":[{"count":35,"href":"https:\/\/freddyz.fr\/index.php\/wp-json\/wp\/v2\/pages\/84\/revisions"}],"predecessor-version":[{"id":1564,"href":"https:\/\/freddyz.fr\/index.php\/wp-json\/wp\/v2\/pages\/84\/revisions\/1564"}],"wp:attachment":[{"href":"https:\/\/freddyz.fr\/index.php\/wp-json\/wp\/v2\/media?parent=84"}],"curies":[{"name":"wp","href":"https:\/\/api.w.org\/{rel}","templated":true}]}}